{"id":1391,"date":"2019-11-25T09:07:40","date_gmt":"2019-11-25T09:07:40","guid":{"rendered":"http:\/\/wpdemo.archiwp.com\/onum\/?page_id=1391"},"modified":"2019-11-25T09:07:40","modified_gmt":"2019-11-25T09:07:40","slug":"blog-grid","status":"publish","type":"page","link":"https:\/\/akiltour.info\/?page_id=1391","title":{"rendered":"Blog Grid"},"content":{"rendered":"\t\t<div data-elementor-type=\"wp-page\" data-elementor-id=\"1391\" class=\"elementor elementor-1391\">\n\t\t\t\t\t\t<section class=\"elementor-section elementor-top-section elementor-element elementor-element-ac89bca elementor-section-boxed elementor-section-height-default elementor-section-height-default\" data-id=\"ac89bca\" data-element_type=\"section\">\n\t\t\t\t\t\t<div class=\"elementor-container elementor-column-gap-default\">\n\t\t\t\t\t<div class=\"elementor-column elementor-col-100 elementor-top-column elementor-element elementor-element-505a58f ot-flex-column-vertical\" data-id=\"505a58f\" data-element_type=\"column\">\n\t\t\t<div class=\"elementor-widget-wrap elementor-element-populated\">\n\t\t\t\t\t\t<div class=\"elementor-element elementor-element-f53b528 elementor-widget elementor-widget-ipost_grid\" data-id=\"f53b528\" data-element_type=\"widget\" data-widget_type=\"ipost_grid.default\">\n\t\t\t\t<div class=\"elementor-widget-container\">\n\t\t\t\t\t\n\t\t<div class=\"blog-grid pf_3_cols\">\n\t\t\t<div class=\"post-grid-sizer\"><\/div>\n         \n\t\t\t\t<article id=\"post-6286\" class=\"post-box masonry-post-item post-6286 post type-post status-publish format-standard has-post-thumbnail hentry category-dossiers\">\n\t\t\t\t\t<div class=\"post-inner\">\n\t\t\t\t\t    \t\t\t\t\t        <div class=\"entry-media\">\n\t\t\t\t\t        \t<div class=\"post-cat\"><span class=\"posted-in\"> <a href=\"https:\/\/akiltour.info\/?cat=4\" rel=\"category\">Dossiers<\/a><\/span><\/div>\t\t\t\t\t            <a href=\"https:\/\/akiltour.info\/?p=6286\">\n\t\t\t\t\t                <img fetchpriority=\"high\" decoding=\"async\" width=\"750\" height=\"500\" src=\"https:\/\/akiltour.info\/wp-content\/uploads\/2026\/03\/IMG_20260301_083638-750x500.jpg\" class=\"attachment-onum-blog-grid-post-thumbnail size-onum-blog-grid-post-thumbnail wp-post-image\" alt=\"\" \/>\t\t\t\t\t            <\/a>\n\t\t\t\t\t        <\/div>\t\t\t\t\t       \n\t\t\t\t\t    \t\t\t\t\t    <div class=\"inner-post\">\n\t\t\t\t\t    \t<div class=\"post-cat\"><span class=\"posted-in\"> <a href=\"https:\/\/akiltour.info\/?cat=4\" rel=\"category\">Dossiers<\/a><\/span><\/div>\t\t\t\t\t        <div class=\"entry-header\">\n\t\t\t\t\t        \t\t\t\t\t\t\t            <div class=\"entry-meta\">\n\t\t\t\t\t\t                <span class=\"byline\"><a class=\"url fn n\" href=\"https:\/\/akiltour.info\/?author=2\"><i class=\"flaticon-user\"><\/i> jm-d.auzias<\/a><\/span><span class=\"posted-on\"><a href=\"https:\/\/akiltour.info\/?p=6286\" rel=\"bookmark\"><i class=\"flaticon-clock\"><\/i> <time class=\"entry-date published\" datetime=\"2026-03-10T08:06:40+01:00\">10 mars 2026<\/time><\/a><\/span><span class=\"comment-num\"><a href=\"https:\/\/akiltour.info\/?p=6286#respond\"><i class=\"flaticon-chat\"><\/i> 0 Comments<\/a><\/span>\t\t\t\t\t\t            <\/div><!-- .entry-meta -->\n\t\t\t\t\t            \t\t\t\t\t            <h3 class=\"entry-title\"><a href=\"https:\/\/akiltour.info\/?p=6286\" rel=\"bookmark\">Festival International des Jeux de Cannes 2026<\/a><\/h3>\t\t\t\t\t        <\/div><!-- .entry-header -->\n\n\t\t\t\t\t        \t\t\t\t\t        <div class=\"entry-summary the-excerpt\">\n\t\t\t\t\t            39\u00e8me Festival International des Jeux de Cannes La 39\u1d49 \u00e9dition du Festival...\t\t\t\t\t        <\/div><!-- .entry-content -->\n\t\t\t\t\t        \n\t\t\t\t\t        \t\t\t\t\t    <\/div>\n\t\t\t\t\t<\/div>\n\t\t\t\t<\/article>\n\t         \n\t\t\t\t<article id=\"post-6265\" class=\"post-box masonry-post-item post-6265 post type-post status-publish format-standard has-post-thumbnail hentry category-jeux\">\n\t\t\t\t\t<div class=\"post-inner\">\n\t\t\t\t\t    \t\t\t\t\t        <div class=\"entry-media\">\n\t\t\t\t\t        \t<div class=\"post-cat\"><span class=\"posted-in\"> <a href=\"https:\/\/akiltour.info\/?cat=3\" rel=\"category\">Jeux<\/a><\/span><\/div>\t\t\t\t\t            <a href=\"https:\/\/akiltour.info\/?p=6265\">\n\t\t\t\t\t                <img decoding=\"async\" width=\"750\" height=\"500\" src=\"https:\/\/akiltour.info\/wp-content\/uploads\/2026\/02\/men-nefer-750x500.webp\" class=\"attachment-onum-blog-grid-post-thumbnail size-onum-blog-grid-post-thumbnail wp-post-image\" alt=\"\" \/>\t\t\t\t\t            <\/a>\n\t\t\t\t\t        <\/div>\t\t\t\t\t       \n\t\t\t\t\t    \t\t\t\t\t    <div class=\"inner-post\">\n\t\t\t\t\t    \t<div class=\"post-cat\"><span class=\"posted-in\"> <a href=\"https:\/\/akiltour.info\/?cat=3\" rel=\"category\">Jeux<\/a><\/span><\/div>\t\t\t\t\t        <div class=\"entry-header\">\n\t\t\t\t\t        \t\t\t\t\t\t\t            <div class=\"entry-meta\">\n\t\t\t\t\t\t                <span class=\"byline\"><a class=\"url fn n\" href=\"https:\/\/akiltour.info\/?author=2\"><i class=\"flaticon-user\"><\/i> jm-d.auzias<\/a><\/span><span class=\"posted-on\"><a href=\"https:\/\/akiltour.info\/?p=6265\" rel=\"bookmark\"><i class=\"flaticon-clock\"><\/i> <time class=\"entry-date published\" datetime=\"2026-02-23T16:37:59+01:00\">23 f\u00e9vrier 2026<\/time><\/a><\/span><span class=\"comment-num\"><a href=\"https:\/\/akiltour.info\/?p=6265#respond\"><i class=\"flaticon-chat\"><\/i> 0 Comments<\/a><\/span>\t\t\t\t\t\t            <\/div><!-- .entry-meta -->\n\t\t\t\t\t            \t\t\t\t\t            <h3 class=\"entry-title\"><a href=\"https:\/\/akiltour.info\/?p=6265\" rel=\"bookmark\">Men Nefer<\/a><\/h3>\t\t\t\t\t        <\/div><!-- .entry-header -->\n\n\t\t\t\t\t        \t\t\t\t\t        <div class=\"entry-summary the-excerpt\">\n\t\t\t\t\t            Men Nefer sous les meeples, le sable d\u2019\u00c9gypte eurogame \u2013 placement d\u2019ouvriers...\t\t\t\t\t        <\/div><!-- .entry-content -->\n\t\t\t\t\t        \n\t\t\t\t\t        \t\t\t\t\t    <\/div>\n\t\t\t\t\t<\/div>\n\t\t\t\t<\/article>\n\t         \n\t\t\t\t<article id=\"post-6258\" class=\"post-box masonry-post-item post-6258 post type-post status-publish format-standard has-post-thumbnail hentry category-jeux\">\n\t\t\t\t\t<div class=\"post-inner\">\n\t\t\t\t\t    \t\t\t\t\t        <div class=\"entry-media\">\n\t\t\t\t\t        \t<div class=\"post-cat\"><span class=\"posted-in\"> <a href=\"https:\/\/akiltour.info\/?cat=3\" rel=\"category\">Jeux<\/a><\/span><\/div>\t\t\t\t\t            <a href=\"https:\/\/akiltour.info\/?p=6258\">\n\t\t\t\t\t                <img decoding=\"async\" width=\"197\" height=\"256\" src=\"https:\/\/akiltour.info\/wp-content\/uploads\/2026\/02\/caballo.jpg\" class=\"attachment-onum-blog-grid-post-thumbnail size-onum-blog-grid-post-thumbnail wp-post-image\" alt=\"\" \/>\t\t\t\t\t            <\/a>\n\t\t\t\t\t        <\/div>\t\t\t\t\t       \n\t\t\t\t\t    \t\t\t\t\t    <div class=\"inner-post\">\n\t\t\t\t\t    \t<div class=\"post-cat\"><span class=\"posted-in\"> <a href=\"https:\/\/akiltour.info\/?cat=3\" rel=\"category\">Jeux<\/a><\/span><\/div>\t\t\t\t\t        <div class=\"entry-header\">\n\t\t\t\t\t        \t\t\t\t\t\t\t            <div class=\"entry-meta\">\n\t\t\t\t\t\t                <span class=\"byline\"><a class=\"url fn n\" href=\"https:\/\/akiltour.info\/?author=2\"><i class=\"flaticon-user\"><\/i> jm-d.auzias<\/a><\/span><span class=\"posted-on\"><a href=\"https:\/\/akiltour.info\/?p=6258\" rel=\"bookmark\"><i class=\"flaticon-clock\"><\/i> <time class=\"entry-date published\" datetime=\"2026-02-18T19:16:45+01:00\">18 f\u00e9vrier 2026<\/time><\/a><\/span><span class=\"comment-num\"><a href=\"https:\/\/akiltour.info\/?p=6258#respond\"><i class=\"flaticon-chat\"><\/i> 0 Comments<\/a><\/span>\t\t\t\t\t\t            <\/div><!-- .entry-meta -->\n\t\t\t\t\t            \t\t\t\t\t            <h3 class=\"entry-title\"><a href=\"https:\/\/akiltour.info\/?p=6258\" rel=\"bookmark\">Caballo<\/a><\/h3>\t\t\t\t\t        <\/div><!-- .entry-header -->\n\n\t\t\t\t\t        \t\t\t\t\t        <div class=\"entry-summary the-excerpt\">\n\t\t\t\t\t            Caballo au galop\u00a0! d\u00e9s &#8211; prise de risque \u2013 course hippique La...\t\t\t\t\t        <\/div><!-- .entry-content -->\n\t\t\t\t\t        \n\t\t\t\t\t        \t\t\t\t\t    <\/div>\n\t\t\t\t\t<\/div>\n\t\t\t\t<\/article>\n\t         \n\t\t\t\t<article id=\"post-6252\" class=\"post-box masonry-post-item post-6252 post type-post status-publish format-standard has-post-thumbnail hentry category-jeux\">\n\t\t\t\t\t<div class=\"post-inner\">\n\t\t\t\t\t    \t\t\t\t\t        <div class=\"entry-media\">\n\t\t\t\t\t        \t<div class=\"post-cat\"><span class=\"posted-in\"> <a href=\"https:\/\/akiltour.info\/?cat=3\" rel=\"category\">Jeux<\/a><\/span><\/div>\t\t\t\t\t            <a href=\"https:\/\/akiltour.info\/?p=6252\">\n\t\t\t\t\t                <img loading=\"lazy\" decoding=\"async\" width=\"750\" height=\"500\" src=\"https:\/\/akiltour.info\/wp-content\/uploads\/2026\/02\/archipels-750x500.jpg\" class=\"attachment-onum-blog-grid-post-thumbnail size-onum-blog-grid-post-thumbnail wp-post-image\" alt=\"\" \/>\t\t\t\t\t            <\/a>\n\t\t\t\t\t        <\/div>\t\t\t\t\t       \n\t\t\t\t\t    \t\t\t\t\t    <div class=\"inner-post\">\n\t\t\t\t\t    \t<div class=\"post-cat\"><span class=\"posted-in\"> <a href=\"https:\/\/akiltour.info\/?cat=3\" rel=\"category\">Jeux<\/a><\/span><\/div>\t\t\t\t\t        <div class=\"entry-header\">\n\t\t\t\t\t        \t\t\t\t\t\t\t            <div class=\"entry-meta\">\n\t\t\t\t\t\t                <span class=\"byline\"><a class=\"url fn n\" href=\"https:\/\/akiltour.info\/?author=2\"><i class=\"flaticon-user\"><\/i> jm-d.auzias<\/a><\/span><span class=\"posted-on\"><a href=\"https:\/\/akiltour.info\/?p=6252\" rel=\"bookmark\"><i class=\"flaticon-clock\"><\/i> <time class=\"entry-date published\" datetime=\"2026-02-16T10:33:36+01:00\">16 f\u00e9vrier 2026<\/time><\/a><\/span><span class=\"comment-num\"><a href=\"https:\/\/akiltour.info\/?p=6252#respond\"><i class=\"flaticon-chat\"><\/i> 0 Comments<\/a><\/span>\t\t\t\t\t\t            <\/div><!-- .entry-meta -->\n\t\t\t\t\t            \t\t\t\t\t            <h3 class=\"entry-title\"><a href=\"https:\/\/akiltour.info\/?p=6252\" rel=\"bookmark\">Archipels<\/a><\/h3>\t\t\t\t\t        <\/div><!-- .entry-header -->\n\n\t\t\t\t\t        \t\t\t\t\t        <div class=\"entry-summary the-excerpt\">\n\t\t\t\t\t            Archipels la mer, la plage, les fleurs&#8230; pose de tuiles &#8211; 3D...\t\t\t\t\t        <\/div><!-- .entry-content -->\n\t\t\t\t\t        \n\t\t\t\t\t        \t\t\t\t\t    <\/div>\n\t\t\t\t\t<\/div>\n\t\t\t\t<\/article>\n\t         \n\t\t\t\t<article id=\"post-6246\" class=\"post-box masonry-post-item post-6246 post type-post status-publish format-standard has-post-thumbnail hentry category-jeux\">\n\t\t\t\t\t<div class=\"post-inner\">\n\t\t\t\t\t    \t\t\t\t\t        <div class=\"entry-media\">\n\t\t\t\t\t        \t<div class=\"post-cat\"><span class=\"posted-in\"> <a href=\"https:\/\/akiltour.info\/?cat=3\" rel=\"category\">Jeux<\/a><\/span><\/div>\t\t\t\t\t            <a href=\"https:\/\/akiltour.info\/?p=6246\">\n\t\t\t\t\t                <img loading=\"lazy\" decoding=\"async\" width=\"750\" height=\"500\" src=\"https:\/\/akiltour.info\/wp-content\/uploads\/2026\/02\/spyworld-750x500.webp\" class=\"attachment-onum-blog-grid-post-thumbnail size-onum-blog-grid-post-thumbnail wp-post-image\" alt=\"\" \/>\t\t\t\t\t            <\/a>\n\t\t\t\t\t        <\/div>\t\t\t\t\t       \n\t\t\t\t\t    \t\t\t\t\t    <div class=\"inner-post\">\n\t\t\t\t\t    \t<div class=\"post-cat\"><span class=\"posted-in\"> <a href=\"https:\/\/akiltour.info\/?cat=3\" rel=\"category\">Jeux<\/a><\/span><\/div>\t\t\t\t\t        <div class=\"entry-header\">\n\t\t\t\t\t        \t\t\t\t\t\t\t            <div class=\"entry-meta\">\n\t\t\t\t\t\t                <span class=\"byline\"><a class=\"url fn n\" href=\"https:\/\/akiltour.info\/?author=2\"><i class=\"flaticon-user\"><\/i> jm-d.auzias<\/a><\/span><span class=\"posted-on\"><a href=\"https:\/\/akiltour.info\/?p=6246\" rel=\"bookmark\"><i class=\"flaticon-clock\"><\/i> <time class=\"entry-date published\" datetime=\"2026-02-14T18:21:55+01:00\">14 f\u00e9vrier 2026<\/time><\/a><\/span><span class=\"comment-num\"><a href=\"https:\/\/akiltour.info\/?p=6246#respond\"><i class=\"flaticon-chat\"><\/i> 0 Comments<\/a><\/span>\t\t\t\t\t\t            <\/div><!-- .entry-meta -->\n\t\t\t\t\t            \t\t\t\t\t            <h3 class=\"entry-title\"><a href=\"https:\/\/akiltour.info\/?p=6246\" rel=\"bookmark\">Spyworld<\/a><\/h3>\t\t\t\t\t        <\/div><!-- .entry-header -->\n\n\t\t\t\t\t        \t\t\t\t\t        <div class=\"entry-summary the-excerpt\">\n\t\t\t\t\t            Spyworld prouvez votre sup\u00e9riorit\u00e9\u2026 mondiale\u00a0! simultan\u00e9it\u00e9 &#8211; flip&amp;write &#8211; ma\u00eetre du monde...\t\t\t\t\t        <\/div><!-- .entry-content -->\n\t\t\t\t\t        \n\t\t\t\t\t        \t\t\t\t\t    <\/div>\n\t\t\t\t\t<\/div>\n\t\t\t\t<\/article>\n\t         \n\t\t\t\t<article id=\"post-6240\" class=\"post-box masonry-post-item post-6240 post type-post status-publish format-standard has-post-thumbnail hentry category-jeux\">\n\t\t\t\t\t<div class=\"post-inner\">\n\t\t\t\t\t    \t\t\t\t\t        <div class=\"entry-media\">\n\t\t\t\t\t        \t<div class=\"post-cat\"><span class=\"posted-in\"> <a href=\"https:\/\/akiltour.info\/?cat=3\" rel=\"category\">Jeux<\/a><\/span><\/div>\t\t\t\t\t            <a href=\"https:\/\/akiltour.info\/?p=6240\">\n\t\t\t\t\t                <img loading=\"lazy\" decoding=\"async\" width=\"750\" height=\"500\" src=\"https:\/\/akiltour.info\/wp-content\/uploads\/2026\/02\/bouteille-a-la-mer-750x500.webp\" class=\"attachment-onum-blog-grid-post-thumbnail size-onum-blog-grid-post-thumbnail wp-post-image\" alt=\"\" \/>\t\t\t\t\t            <\/a>\n\t\t\t\t\t        <\/div>\t\t\t\t\t       \n\t\t\t\t\t    \t\t\t\t\t    <div class=\"inner-post\">\n\t\t\t\t\t    \t<div class=\"post-cat\"><span class=\"posted-in\"> <a href=\"https:\/\/akiltour.info\/?cat=3\" rel=\"category\">Jeux<\/a><\/span><\/div>\t\t\t\t\t        <div class=\"entry-header\">\n\t\t\t\t\t        \t\t\t\t\t\t\t            <div class=\"entry-meta\">\n\t\t\t\t\t\t                <span class=\"byline\"><a class=\"url fn n\" href=\"https:\/\/akiltour.info\/?author=2\"><i class=\"flaticon-user\"><\/i> jm-d.auzias<\/a><\/span><span class=\"posted-on\"><a href=\"https:\/\/akiltour.info\/?p=6240\" rel=\"bookmark\"><i class=\"flaticon-clock\"><\/i> <time class=\"entry-date published\" datetime=\"2026-02-13T16:23:52+01:00\">13 f\u00e9vrier 2026<\/time><\/a><\/span><span class=\"comment-num\"><a href=\"https:\/\/akiltour.info\/?p=6240#respond\"><i class=\"flaticon-chat\"><\/i> 0 Comments<\/a><\/span>\t\t\t\t\t\t            <\/div><!-- .entry-meta -->\n\t\t\t\t\t            \t\t\t\t\t            <h3 class=\"entry-title\"><a href=\"https:\/\/akiltour.info\/?p=6240\" rel=\"bookmark\">Bouteille \u00e0 la mer<\/a><\/h3>\t\t\t\t\t        <\/div><!-- .entry-header -->\n\n\t\t\t\t\t        \t\t\t\t\t        <div class=\"entry-summary the-excerpt\">\n\t\t\t\t\t            Bouteille \u00e0 la mer Secou\u00e9e par des vagues\u2026 de mots lettres &#8211;...\t\t\t\t\t        <\/div><!-- .entry-content -->\n\t\t\t\t\t        \n\t\t\t\t\t        \t\t\t\t\t    <\/div>\n\t\t\t\t\t<\/div>\n\t\t\t\t<\/article>\n\t        \t    <\/div>\n\t    <ul class=\"page-pagination\">\n\t<li><span aria-current=\"page\" class=\"page-numbers current\">1<\/span><\/li>\n\t<li><a class=\"page-numbers\" href=\"https:\/\/akiltour.info\/index.php?rest_route=%2Fwp%2Fv2%2Fpages%2F1391&#038;paged=2\">2<\/a><\/li>\n\t<li><a class=\"page-numbers\" href=\"https:\/\/akiltour.info\/index.php?rest_route=%2Fwp%2Fv2%2Fpages%2F1391&#038;paged=3\">3<\/a><\/li>\n\t<li><a class=\"page-numbers\" href=\"https:\/\/akiltour.info\/index.php?rest_route=%2Fwp%2Fv2%2Fpages%2F1391&#038;paged=4\">4<\/a><\/li>\n\t<li><span class=\"page-numbers dots\">\u2026<\/span><\/li>\n\t<li><a class=\"page-numbers\" href=\"https:\/\/akiltour.info\/index.php?rest_route=%2Fwp%2Fv2%2Fpages%2F1391&#038;paged=22\">22<\/a><\/li>\n\t<li><a class=\"page-numbers\" href=\"https:\/\/akiltour.info\/index.php?rest_route=%2Fwp%2Fv2%2Fpages%2F1391&#038;paged=23\">23<\/a><\/li>\n\t<li><a class=\"page-numbers\" href=\"https:\/\/akiltour.info\/index.php?rest_route=%2Fwp%2Fv2%2Fpages%2F1391&#038;paged=24\">24<\/a><\/li>\n\t<li><a class=\"next page-numbers\" href=\"https:\/\/akiltour.info\/index.php?rest_route=%2Fwp%2Fv2%2Fpages%2F1391&#038;paged=2\"><i class=\"flaticon-arrow-pointing-to-right\"><\/i><\/a><\/li>\n<\/ul>\n\t    \t\t\t\t\t\t<\/div>\n\t\t\t\t<\/div>\n\t\t\t\t\t<\/div>\n\t\t<\/div>\n\t\t\t\t\t<\/div>\n\t\t<\/section>\n\t\t\t\t<\/div>\n\t\t","protected":false},"excerpt":{"rendered":"<p>Marketing SEO Tom Black November 21, 2019 4 Comments 15 SEO Best Practices: Website Architecture The basic premise of search engine reputation management is to use the&#8230; Marketing SEO Tom Black November 21, 2019 0 Comments SEO Best Practices: Mobile Friendliness The basic premise of search engine reputation management is to use the&#8230; Marketing Tom [&hellip;]<\/p>\n","protected":false},"author":1,"featured_media":0,"parent":0,"menu_order":0,"comment_status":"closed","ping_status":"closed","template":"","meta":{"footnotes":""},"class_list":["post-1391","page","type-page","status-publish","hentry"],"_links":{"self":[{"href":"https:\/\/akiltour.info\/index.php?rest_route=\/wp\/v2\/pages\/1391","targetHints":{"allow":["GET"]}}],"collection":[{"href":"https:\/\/akiltour.info\/index.php?rest_route=\/wp\/v2\/pages"}],"about":[{"href":"https:\/\/akiltour.info\/index.php?rest_route=\/wp\/v2\/types\/page"}],"author":[{"embeddable":true,"href":"https:\/\/akiltour.info\/index.php?rest_route=\/wp\/v2\/users\/1"}],"replies":[{"embeddable":true,"href":"https:\/\/akiltour.info\/index.php?rest_route=%2Fwp%2Fv2%2Fcomments&post=1391"}],"version-history":[{"count":0,"href":"https:\/\/akiltour.info\/index.php?rest_route=\/wp\/v2\/pages\/1391\/revisions"}],"wp:attachment":[{"href":"https:\/\/akiltour.info\/index.php?rest_route=%2Fwp%2Fv2%2Fmedia&parent=1391"}],"curies":[{"name":"wp","href":"https:\/\/api.w.org\/{rel}","templated":true}]}}